{"id":24,"date":"2025-05-14T10:43:09","date_gmt":"2025-05-14T10:43:09","guid":{"rendered":"http:\/\/127.0.0.1:8080\/index.php\/inicio\/"},"modified":"2025-05-14T10:43:14","modified_gmt":"2025-05-14T10:43:14","slug":"inicio","status":"publish","type":"page","link":"https:\/\/ejemplo10000.orbidi.dev\/","title":{"rendered":"Inicio"},"content":{"rendered":"\t\t<div data-elementor-type=\"wp-page\" data-elementor-id=\"24\" class=\"elementor elementor-24\" data-elementor-post-type=\"page\">\n\t\t\t\t<div class=\"elementor-element elementor-element-6d8db44e e-con-full e-flex e-con e-parent\" data-id=\"6d8db44e\" data-element_type=\"container\">\n\t\t<div class=\"elementor-element elementor-element-5f222da6 e-flex e-con-boxed e-con e-child\" data-id=\"5f222da6\" data-element_type=\"container\">\n\t\t\t\t\t<div class=\"e-con-inner\">\n\t\t\t\t<div class=\"elementor-element elementor-element-563ed2e7 elementor-widget elementor-widget-heading\" data-id=\"563ed2e7\" data-element_type=\"widget\" data-widget_type=\"heading.default\">\n\t\t\t\t<div class=\"elementor-widget-container\">\n\t\t\t\t\t<h1 class=\"elementor-heading-title elementor-size-default\">\"Armoniza Cuerpo y Mente con Masajes Kobido, Reflexolog\u00eda Facial y Yoga\"<\/h1>\t\t\t\t<\/div>\n\t\t\t\t<\/div>\n\t\t\t\t<div class=\"elementor-element elementor-element-775e8891 elementor-widget elementor-widget-heading\" data-id=\"775e8891\" data-element_type=\"widget\" data-widget_type=\"heading.default\">\n\t\t\t\t<div class=\"elementor-widget-container\">\n\t\t\t\t\t<span class=\"elementor-heading-title elementor-size-default\">\"Despierta Tu Energ\u00eda Interior: Yoga, Meditaci\u00f3n y Reflexolog\u00eda Facial Para Tu Bienestar\"<\/span>\t\t\t\t<\/div>\n\t\t\t\t<\/div>\n\t\t\t\t<div class=\"elementor-element elementor-element-679b674f elementor-widget__width-initial elementor-widget elementor-widget-text-editor\" data-id=\"679b674f\" data-element_type=\"widget\" data-widget_type=\"text-editor.default\">\n\t\t\t\t<div class=\"elementor-widget-container\">\n\t\t\t\t\t\t\t\t\t<p><span>&#8220;Rejuvenece Cuerpo y Mente con Yoga, Meditaci\u00f3n y Masajes Kobido&#8221;<\/span><\/p>\t\t\t\t\t\t\t\t<\/div>\n\t\t\t\t<\/div>\n\t\t\t\t\t<\/div>\n\t\t\t\t<\/div>\n\t\t\t\t<div class=\"elementor-element elementor-element-1bb2bfdb elementor-widget elementor-widget-image\" data-id=\"1bb2bfdb\" data-element_type=\"widget\" data-widget_type=\"image.default\">\n\t\t\t\t<div class=\"elementor-widget-container\">\n\t\t\t\t\t\t\t\t\t\t\t\t\t\t\t<img fetchpriority=\"high\" decoding=\"async\" width=\"626\" height=\"352\" src=\"https:\/\/ejemplo10000.orbidi.dev\/wp-content\/uploads\/2025\/05\/fitness-athlete-advice-girl-exercise-active-couple-training-together-city_723208-31465.jpg\" class=\"attachment-full size-full wp-image-25\" alt=\"\" srcset=\"https:\/\/ejemplo10000.orbidi.dev\/wp-content\/uploads\/2025\/05\/fitness-athlete-advice-girl-exercise-active-couple-training-together-city_723208-31465.jpg 626w, https:\/\/ejemplo10000.orbidi.dev\/wp-content\/uploads\/2025\/05\/fitness-athlete-advice-girl-exercise-active-couple-training-together-city_723208-31465-300x169.jpg 300w\" sizes=\"(max-width: 626px) 100vw, 626px\" \/>\t\t\t\t\t\t\t\t\t\t\t\t\t\t\t<\/div>\n\t\t\t\t<\/div>\n\t\t\t\t<\/div>\n\t\t<div class=\"elementor-element elementor-element-7db4c5e e-flex e-con-boxed e-con e-parent\" data-id=\"7db4c5e\" data-element_type=\"container\">\n\t\t\t\t\t<div class=\"e-con-inner\">\n\t\t<div class=\"elementor-element elementor-element-1cd79203 e-con-full e-flex e-con e-child\" data-id=\"1cd79203\" data-element_type=\"container\">\n\t\t\t\t<div class=\"elementor-element elementor-element-3d3203f7 elementor-widget elementor-widget-heading\" data-id=\"3d3203f7\" data-element_type=\"widget\" data-widget_type=\"heading.default\">\n\t\t\t\t<div class=\"elementor-widget-container\">\n\t\t\t\t\t<span class=\"elementor-heading-title elementor-size-default\">\"Explora la Armon\u00eda Interior: Yoga, Meditaci\u00f3n y Terapias Faciales Innovadoras\"<\/span>\t\t\t\t<\/div>\n\t\t\t\t<\/div>\n\t\t\t\t<div class=\"elementor-element elementor-element-4170c07d elementor-widget-tablet__width-initial elementor-widget-mobile__width-inherit elementor-widget elementor-widget-heading\" data-id=\"4170c07d\" data-element_type=\"widget\" data-widget_type=\"heading.default\">\n\t\t\t\t<div class=\"elementor-widget-container\">\n\t\t\t\t\t<h2 class=\"elementor-heading-title elementor-size-default\">\"Descubra la Armon\u00eda Interior: Masajes Kobido, Reflexolog\u00eda Facial y Yoga Meditativo\"<\/h2>\t\t\t\t<\/div>\n\t\t\t\t<\/div>\n\t\t\t\t<div class=\"elementor-element elementor-element-203f5653 elementor-widget elementor-widget-text-editor\" data-id=\"203f5653\" data-element_type=\"widget\" data-widget_type=\"text-editor.default\">\n\t\t\t\t<div class=\"elementor-widget-container\">\n\t\t\t\t\t\t\t\t\t<p>&#8220;Descubra la Armon\u00eda Interior con Masajes Kobido y Reflexolog\u00eda Facial&#8221;<\/p>\t\t\t\t\t\t\t\t<\/div>\n\t\t\t\t<\/div>\n\t\t\t\t<div class=\"elementor-element elementor-element-76f22512 elementor-align-left elementor-widget elementor-widget-button\" data-id=\"76f22512\" data-element_type=\"widget\" data-widget_type=\"button.default\">\n\t\t\t\t<div class=\"elementor-widget-container\">\n\t\t\t\t\t\t\t\t\t<div class=\"elementor-button-wrapper\">\n\t\t\t\t\t<a class=\"elementor-button elementor-button-link elementor-size-sm\" href=\"https:\/\/ejemplo10000.orbidi.dev\/index.php\/sobre-nosotros\/\">\n\t\t\t\t\t\t<span class=\"elementor-button-content-wrapper\">\n\t\t\t\t\t\t\t\t\t<span class=\"elementor-button-text\">Con\u00f3cenos m\u00e1s<\/span>\n\t\t\t\t\t<\/span>\n\t\t\t\t\t<\/a>\n\t\t\t\t<\/div>\n\t\t\t\t\t\t\t\t<\/div>\n\t\t\t\t<\/div>\n\t\t\t\t<\/div>\n\t\t<div class=\"elementor-element elementor-element-1608eafd e-con-full e-flex e-con e-child\" data-id=\"1608eafd\" data-element_type=\"container\">\n\t\t\t\t<div class=\"elementor-element elementor-element-199ab6fd elementor-widget__width-initial elementor-widget elementor-widget-image\" data-id=\"199ab6fd\" data-element_type=\"widget\" data-widget_type=\"image.default\">\n\t\t\t\t<div class=\"elementor-widget-container\">\n\t\t\t\t\t\t\t\t\t\t\t\t\t\t\t<img decoding=\"async\" width=\"626\" height=\"417\" src=\"https:\/\/ejemplo10000.orbidi.dev\/wp-content\/uploads\/2025\/05\/closeup-naked-woman-body-with-black-surgical-marks-her-breast-doctor-hands-drawing-lines-female-breast-before-breast-augmentation-operation_124865-842.jpg\" class=\"attachment-full size-full wp-image-26\" alt=\"\" srcset=\"https:\/\/ejemplo10000.orbidi.dev\/wp-content\/uploads\/2025\/05\/closeup-naked-woman-body-with-black-surgical-marks-her-breast-doctor-hands-drawing-lines-female-breast-before-breast-augmentation-operation_124865-842.jpg 626w, https:\/\/ejemplo10000.orbidi.dev\/wp-content\/uploads\/2025\/05\/closeup-naked-woman-body-with-black-surgical-marks-her-breast-doctor-hands-drawing-lines-female-breast-before-breast-augmentation-operation_124865-842-300x200.jpg 300w\" sizes=\"(max-width: 626px) 100vw, 626px\" \/>\t\t\t\t\t\t\t\t\t\t\t\t\t\t\t<\/div>\n\t\t\t\t<\/div>\n\t\t\t\t<\/div>\n\t\t\t\t\t<\/div>\n\t\t\t\t<\/div>\n\t\t<div class=\"elementor-element elementor-element-65a7aa32 e-flex e-con-boxed e-con e-parent\" data-id=\"65a7aa32\" data-element_type=\"container\" data-settings=\"{&quot;background_background&quot;:&quot;classic&quot;}\">\n\t\t\t\t\t<div class=\"e-con-inner\">\n\t\t<div class=\"elementor-element elementor-element-64516af8 e-con-full e-flex e-con e-child\" data-id=\"64516af8\" data-element_type=\"container\">\n\t\t\t\t<div class=\"elementor-element elementor-element-61350893 elementor-widget elementor-widget-heading\" data-id=\"61350893\" data-element_type=\"widget\" data-widget_type=\"heading.default\">\n\t\t\t\t<div class=\"elementor-widget-container\">\n\t\t\t\t\t<h2 class=\"elementor-heading-title elementor-size-default\">\"Descubre el Equilibrio Perfecto: Masajes Kobido, Reflexolog\u00eda Facial y Yoga\"<\/h2>\t\t\t\t<\/div>\n\t\t\t\t<\/div>\n\t\t\t\t<div class=\"elementor-element elementor-element-12cfac1c elementor-widget__width-initial elementor-widget elementor-widget-text-editor\" data-id=\"12cfac1c\" data-element_type=\"widget\" data-widget_type=\"text-editor.default\">\n\t\t\t\t<div class=\"elementor-widget-container\">\n\t\t\t\t\t\t\t\t\t<p>&#8220;Descubre el Poder Curativo del Yoga y los Masajes Kobido&#8221;<\/p>\t\t\t\t\t\t\t\t<\/div>\n\t\t\t\t<\/div>\n\t\t\t\t<\/div>\n\t\t<div class=\"elementor-element elementor-element-1cd19d64 e-con-full e-flex e-con e-child\" data-id=\"1cd19d64\" data-element_type=\"container\">\n\t\t\t\t<div class=\"elementor-element elementor-element-7eea38aa elementor-widget elementor-widget-image\" data-id=\"7eea38aa\" data-element_type=\"widget\" data-widget_type=\"image.default\">\n\t\t\t\t<div class=\"elementor-widget-container\">\n\t\t\t\t\t\t\t\t\t\t\t\t\t\t\t<img decoding=\"async\" width=\"626\" height=\"326\" src=\"https:\/\/ejemplo10000.orbidi.dev\/wp-content\/uploads\/2025\/05\/yoga-sportsmen-park-performs-exercise-outdoors-outdoor-morning-telephoto-shot_274719-859.jpg\" class=\"attachment-full size-full wp-image-27\" alt=\"\" srcset=\"https:\/\/ejemplo10000.orbidi.dev\/wp-content\/uploads\/2025\/05\/yoga-sportsmen-park-performs-exercise-outdoors-outdoor-morning-telephoto-shot_274719-859.jpg 626w, https:\/\/ejemplo10000.orbidi.dev\/wp-content\/uploads\/2025\/05\/yoga-sportsmen-park-performs-exercise-outdoors-outdoor-morning-telephoto-shot_274719-859-300x156.jpg 300w\" sizes=\"(max-width: 626px) 100vw, 626px\" \/>\t\t\t\t\t\t\t\t\t\t\t\t\t\t\t<\/div>\n\t\t\t\t<\/div>\n\t\t<div class=\"elementor-element elementor-element-6041450f e-flex e-con-boxed e-con e-child\" data-id=\"6041450f\" data-element_type=\"container\">\n\t\t\t\t\t<div class=\"e-con-inner\">\n\t\t\t\t<div class=\"elementor-element elementor-element-bace2bb elementor-widget elementor-widget-heading\" data-id=\"bace2bb\" data-element_type=\"widget\" data-widget_type=\"heading.default\">\n\t\t\t\t<div class=\"elementor-widget-container\">\n\t\t\t\t\t<h3 class=\"elementor-heading-title elementor-size-default\">\"Renovaci\u00f3n y Armon\u00eda: Yoga, Meditaci\u00f3n y Terapias Faciales\"<\/h3>\t\t\t\t<\/div>\n\t\t\t\t<\/div>\n\t\t\t\t<div class=\"elementor-element elementor-element-348cc77d elementor-widget elementor-widget-text-editor\" data-id=\"348cc77d\" data-element_type=\"widget\" data-widget_type=\"text-editor.default\">\n\t\t\t\t<div class=\"elementor-widget-container\">\n\t\t\t\t\t\t\t\t\t<p>&#8220;Descubre la Armon\u00eda Interior: Yoga, Meditaci\u00f3n y T\u00e9cnicas de Masaje Kobido&#8221;<\/p>\t\t\t\t\t\t\t\t<\/div>\n\t\t\t\t<\/div>\n\t\t\t\t\t<\/div>\n\t\t\t\t<\/div>\n\t\t\t\t<\/div>\n\t\t<div class=\"elementor-element elementor-element-42d934c5 e-con-full e-flex e-con e-child\" data-id=\"42d934c5\" data-element_type=\"container\">\n\t\t\t\t<div class=\"elementor-element elementor-element-1ad7aac1 elementor-widget elementor-widget-image\" data-id=\"1ad7aac1\" data-element_type=\"widget\" data-widget_type=\"image.default\">\n\t\t\t\t<div class=\"elementor-widget-container\">\n\t\t\t\t\t\t\t\t\t\t\t\t\t\t\t<img loading=\"lazy\" decoding=\"async\" width=\"626\" height=\"352\" src=\"https:\/\/ejemplo10000.orbidi.dev\/wp-content\/uploads\/2025\/05\/beautiful-model-walking-forest-smiling-gently-closeup-cute-woman-strolling-park_723208-24009.jpg\" class=\"attachment-full size-full wp-image-28\" alt=\"\" srcset=\"https:\/\/ejemplo10000.orbidi.dev\/wp-content\/uploads\/2025\/05\/beautiful-model-walking-forest-smiling-gently-closeup-cute-woman-strolling-park_723208-24009.jpg 626w, https:\/\/ejemplo10000.orbidi.dev\/wp-content\/uploads\/2025\/05\/beautiful-model-walking-forest-smiling-gently-closeup-cute-woman-strolling-park_723208-24009-300x169.jpg 300w\" sizes=\"(max-width: 626px) 100vw, 626px\" \/>\t\t\t\t\t\t\t\t\t\t\t\t\t\t\t<\/div>\n\t\t\t\t<\/div>\n\t\t<div class=\"elementor-element elementor-element-3b98747e e-flex e-con-boxed e-con e-child\" data-id=\"3b98747e\" data-element_type=\"container\">\n\t\t\t\t\t<div class=\"e-con-inner\">\n\t\t\t\t<div class=\"elementor-element elementor-element-dca528a elementor-widget elementor-widget-heading\" data-id=\"dca528a\" data-element_type=\"widget\" data-widget_type=\"heading.default\">\n\t\t\t\t<div class=\"elementor-widget-container\">\n\t\t\t\t\t<h3 class=\"elementor-heading-title elementor-size-default\">\"Descubre la Armon\u00eda Interior con Yoga, Meditaci\u00f3n y Terapias Faciales\"<\/h3>\t\t\t\t<\/div>\n\t\t\t\t<\/div>\n\t\t\t\t<div class=\"elementor-element elementor-element-6471dfc8 elementor-widget elementor-widget-text-editor\" data-id=\"6471dfc8\" data-element_type=\"widget\" data-widget_type=\"text-editor.default\">\n\t\t\t\t<div class=\"elementor-widget-container\">\n\t\t\t\t\t\t\t\t\t<p>&#8220;Revitaliza tu cuerpo y mente con masajes Kobido y sesiones de yoga&#8221;<\/p>\t\t\t\t\t\t\t\t<\/div>\n\t\t\t\t<\/div>\n\t\t\t\t\t<\/div>\n\t\t\t\t<\/div>\n\t\t\t\t<\/div>\n\t\t<div class=\"elementor-element elementor-element-7c9f7978 e-con-full e-flex e-con e-child\" data-id=\"7c9f7978\" data-element_type=\"container\">\n\t\t\t\t<div class=\"elementor-element elementor-element-23fae43a elementor-widget elementor-widget-image\" data-id=\"23fae43a\" data-element_type=\"widget\" data-widget_type=\"image.default\">\n\t\t\t\t<div class=\"elementor-widget-container\">\n\t\t\t\t\t\t\t\t\t\t\t\t\t\t\t<img loading=\"lazy\" decoding=\"async\" width=\"626\" height=\"417\" src=\"https:\/\/ejemplo10000.orbidi.dev\/wp-content\/uploads\/2025\/05\/portrait-excited-woman-holding-food-while-sitting-grassy-field-by-lake-park_1048944-559572.jpg\" class=\"attachment-full size-full wp-image-29\" alt=\"\" srcset=\"https:\/\/ejemplo10000.orbidi.dev\/wp-content\/uploads\/2025\/05\/portrait-excited-woman-holding-food-while-sitting-grassy-field-by-lake-park_1048944-559572.jpg 626w, https:\/\/ejemplo10000.orbidi.dev\/wp-content\/uploads\/2025\/05\/portrait-excited-woman-holding-food-while-sitting-grassy-field-by-lake-park_1048944-559572-300x200.jpg 300w\" sizes=\"(max-width: 626px) 100vw, 626px\" \/>\t\t\t\t\t\t\t\t\t\t\t\t\t\t\t<\/div>\n\t\t\t\t<\/div>\n\t\t<div class=\"elementor-element elementor-element-57ce7e31 e-flex e-con-boxed e-con e-child\" data-id=\"57ce7e31\" data-element_type=\"container\">\n\t\t\t\t\t<div class=\"e-con-inner\">\n\t\t\t\t<div class=\"elementor-element elementor-element-30e04be3 elementor-widget elementor-widget-heading\" data-id=\"30e04be3\" data-element_type=\"widget\" data-widget_type=\"heading.default\">\n\t\t\t\t<div class=\"elementor-widget-container\">\n\t\t\t\t\t<h3 class=\"elementor-heading-title elementor-size-default\">\"Descubre el Poder de Kobido: Masajes, Reflexolog\u00eda Facial y Yoga para tu Bienestar\"<\/h3>\t\t\t\t<\/div>\n\t\t\t\t<\/div>\n\t\t\t\t<div class=\"elementor-element elementor-element-55d30bff elementor-widget elementor-widget-text-editor\" data-id=\"55d30bff\" data-element_type=\"widget\" data-widget_type=\"text-editor.default\">\n\t\t\t\t<div class=\"elementor-widget-container\">\n\t\t\t\t\t\t\t\t\t<p>&#8220;Transformando Vidas a Trav\u00e9s del Yoga, Meditaci\u00f3n y Terapias Faciales \u00danicas&#8221;<\/p>\t\t\t\t\t\t\t\t<\/div>\n\t\t\t\t<\/div>\n\t\t\t\t\t<\/div>\n\t\t\t\t<\/div>\n\t\t\t\t<\/div>\n\t\t\t\t<div class=\"elementor-element elementor-element-4d896a8a elementor-align-center elementor-widget__width-inherit elementor-widget elementor-widget-button\" data-id=\"4d896a8a\" data-element_type=\"widget\" data-widget_type=\"button.default\">\n\t\t\t\t<div class=\"elementor-widget-container\">\n\t\t\t\t\t\t\t\t\t<div class=\"elementor-button-wrapper\">\n\t\t\t\t\t<a class=\"elementor-button elementor-button-link elementor-size-sm\" href=\"https:\/\/ejemplo10000.orbidi.dev\/index.php\/servicios\/\">\n\t\t\t\t\t\t<span class=\"elementor-button-content-wrapper\">\n\t\t\t\t\t\t\t\t\t<span class=\"elementor-button-text\">Ver servicios<\/span>\n\t\t\t\t\t<\/span>\n\t\t\t\t\t<\/a>\n\t\t\t\t<\/div>\n\t\t\t\t\t\t\t\t<\/div>\n\t\t\t\t<\/div>\n\t\t\t\t\t<\/div>\n\t\t\t\t<\/div>\n\t\t<div class=\"elementor-element elementor-element-f0f476f e-flex e-con-boxed e-con e-parent\" data-id=\"f0f476f\" data-element_type=\"container\">\n\t\t\t\t\t<div class=\"e-con-inner\">\n\t\t<div class=\"elementor-element elementor-element-54ae953c e-con-full e-flex e-con e-child\" data-id=\"54ae953c\" data-element_type=\"container\">\n\t\t\t\t<div class=\"elementor-element elementor-element-7cb0e590 elementor-widget elementor-widget-heading\" data-id=\"7cb0e590\" data-element_type=\"widget\" data-widget_type=\"heading.default\">\n\t\t\t\t<div class=\"elementor-widget-container\">\n\t\t\t\t\t<h2 class=\"elementor-heading-title elementor-size-default\">\n<\/h2>\t\t\t\t<\/div>\n\t\t\t\t<\/div>\n\t\t\t\t<div class=\"elementor-element elementor-element-56499e8e elementor-widget__width-initial elementor-widget elementor-widget-text-editor\" data-id=\"56499e8e\" data-element_type=\"widget\" data-widget_type=\"text-editor.default\">\n\t\t\t\t<div class=\"elementor-widget-container\">\n\t\t\t\t\t\t\t\t\t<p><\/p>\t\t\t\t\t\t\t\t<\/div>\n\t\t\t\t<\/div>\n\t\t\t\t<\/div>\n\t\t<div class=\"elementor-element elementor-element-131d81b9 e-con-full e-flex e-con e-child\" data-id=\"131d81b9\" data-element_type=\"container\">\n\t\t\t\t<div class=\"elementor-element elementor-element-3d6a6934 elementor-widget elementor-widget-image\" data-id=\"3d6a6934\" data-element_type=\"widget\" data-widget_type=\"image.default\">\n\t\t\t\t<div class=\"elementor-widget-container\">\n\t\t\t\t\t\t\t\t\t\t\t\t\t\t\t<img loading=\"lazy\" decoding=\"async\" width=\"626\" height=\"417\" src=\"https:\/\/ejemplo10000.orbidi.dev\/wp-content\/uploads\/2025\/05\/wondering-thinking-happy-thoughts-ideas-daydreaming-looking-copy-space-side_1194-568277.jpg\" class=\"attachment-full size-full wp-image-30\" alt=\"\" srcset=\"https:\/\/ejemplo10000.orbidi.dev\/wp-content\/uploads\/2025\/05\/wondering-thinking-happy-thoughts-ideas-daydreaming-looking-copy-space-side_1194-568277.jpg 626w, https:\/\/ejemplo10000.orbidi.dev\/wp-content\/uploads\/2025\/05\/wondering-thinking-happy-thoughts-ideas-daydreaming-looking-copy-space-side_1194-568277-300x200.jpg 300w\" sizes=\"(max-width: 626px) 100vw, 626px\" \/>\t\t\t\t\t\t\t\t\t\t\t\t\t\t\t<\/div>\n\t\t\t\t<\/div>\n\t\t<div class=\"elementor-element elementor-element-22ad5af6 e-flex e-con-boxed e-con e-child\" data-id=\"22ad5af6\" data-element_type=\"container\">\n\t\t\t\t\t<div class=\"e-con-inner\">\n\t\t\t\t<div class=\"elementor-element elementor-element-323a3aa2 elementor-widget elementor-widget-text-editor\" data-id=\"323a3aa2\" data-element_type=\"widget\" data-widget_type=\"text-editor.default\">\n\t\t\t\t<div class=\"elementor-widget-container\">\n\t\t\t\t\t\t\t\t\t<p><span style=\"font-weight: 400;\"><\/span><\/p>\t\t\t\t\t\t\t\t<\/div>\n\t\t\t\t<\/div>\n\t\t\t\t\t<\/div>\n\t\t\t\t<\/div>\n\t\t\t\t<\/div>\n\t\t<div class=\"elementor-element elementor-element-12ccd7ff e-con-full e-flex e-con e-child\" data-id=\"12ccd7ff\" data-element_type=\"container\">\n\t\t\t\t<div class=\"elementor-element elementor-element-5e75b5f9 elementor-widget elementor-widget-image\" data-id=\"5e75b5f9\" data-element_type=\"widget\" data-widget_type=\"image.default\">\n\t\t\t\t<div class=\"elementor-widget-container\">\n\t\t\t\t\t\t\t\t\t\t\t\t\t\t\t<img loading=\"lazy\" decoding=\"async\" width=\"626\" height=\"417\" src=\"https:\/\/ejemplo10000.orbidi.dev\/wp-content\/uploads\/2025\/05\/couple-two-seniors-enjoying-spa-massage-traetment-together-with-assistance-helping-them-drinking-cocktails-having-fun-smiling_516988-1667.jpg\" class=\"attachment-full size-full wp-image-31\" alt=\"\" srcset=\"https:\/\/ejemplo10000.orbidi.dev\/wp-content\/uploads\/2025\/05\/couple-two-seniors-enjoying-spa-massage-traetment-together-with-assistance-helping-them-drinking-cocktails-having-fun-smiling_516988-1667.jpg 626w, https:\/\/ejemplo10000.orbidi.dev\/wp-content\/uploads\/2025\/05\/couple-two-seniors-enjoying-spa-massage-traetment-together-with-assistance-helping-them-drinking-cocktails-having-fun-smiling_516988-1667-300x200.jpg 300w\" sizes=\"(max-width: 626px) 100vw, 626px\" \/>\t\t\t\t\t\t\t\t\t\t\t\t\t\t\t<\/div>\n\t\t\t\t<\/div>\n\t\t<div class=\"elementor-element elementor-element-5f746067 e-flex e-con-boxed e-con e-child\" data-id=\"5f746067\" data-element_type=\"container\">\n\t\t\t\t\t<div class=\"e-con-inner\">\n\t\t\t\t<div class=\"elementor-element elementor-element-486e95f4 elementor-widget elementor-widget-text-editor\" data-id=\"486e95f4\" data-element_type=\"widget\" data-widget_type=\"text-editor.default\">\n\t\t\t\t<div class=\"elementor-widget-container\">\n\t\t\t\t\t\t\t\t\t<p><span style=\"font-weight: 400;\"><\/span><\/p>\t\t\t\t\t\t\t\t<\/div>\n\t\t\t\t<\/div>\n\t\t\t\t\t<\/div>\n\t\t\t\t<\/div>\n\t\t\t\t<\/div>\n\t\t<div class=\"elementor-element elementor-element-5dee17ed e-con-full e-flex e-con e-child\" data-id=\"5dee17ed\" data-element_type=\"container\">\n\t\t\t\t<div class=\"elementor-element elementor-element-2fa7d8a4 elementor-widget elementor-widget-image\" data-id=\"2fa7d8a4\" data-element_type=\"widget\" data-widget_type=\"image.default\">\n\t\t\t\t<div class=\"elementor-widget-container\">\n\t\t\t\t\t\t\t\t\t\t\t\t\t\t\t<img loading=\"lazy\" decoding=\"async\" width=\"626\" height=\"416\" src=\"https:\/\/ejemplo10000.orbidi.dev\/wp-content\/uploads\/2025\/05\/top-view-man-apartment-balcony-meditating-with-his-wife_434738-710.jpg\" class=\"attachment-full size-full wp-image-32\" alt=\"\" srcset=\"https:\/\/ejemplo10000.orbidi.dev\/wp-content\/uploads\/2025\/05\/top-view-man-apartment-balcony-meditating-with-his-wife_434738-710.jpg 626w, https:\/\/ejemplo10000.orbidi.dev\/wp-content\/uploads\/2025\/05\/top-view-man-apartment-balcony-meditating-with-his-wife_434738-710-300x199.jpg 300w\" sizes=\"(max-width: 626px) 100vw, 626px\" \/>\t\t\t\t\t\t\t\t\t\t\t\t\t\t\t<\/div>\n\t\t\t\t<\/div>\n\t\t<div class=\"elementor-element elementor-element-fc889fa e-flex e-con-boxed e-con e-child\" data-id=\"fc889fa\" data-element_type=\"container\">\n\t\t\t\t\t<div class=\"e-con-inner\">\n\t\t\t\t<div class=\"elementor-element elementor-element-9e33c33 elementor-widget elementor-widget-text-editor\" data-id=\"9e33c33\" data-element_type=\"widget\" data-widget_type=\"text-editor.default\">\n\t\t\t\t<div class=\"elementor-widget-container\">\n\t\t\t\t\t\t\t\t\t<p><span style=\"font-weight: 400;\"><\/span><\/p>\t\t\t\t\t\t\t\t<\/div>\n\t\t\t\t<\/div>\n\t\t\t\t\t<\/div>\n\t\t\t\t<\/div>\n\t\t\t\t<\/div>\n\t\t\t\t\t<\/div>\n\t\t\t\t<\/div>\n\t\t\t\t<\/div>\n\t\t","protected":false},"excerpt":{"rendered":"<p>&#8220;Armoniza Cuerpo y Mente con Masajes Kobido, Reflexolog\u00eda Facial y Yoga&#8221; &#8220;Despierta Tu Energ\u00eda Interior: Yoga, Meditaci\u00f3n y Reflexolog\u00eda Facial Para Tu Bienestar&#8221; &#8220;Rejuvenece Cuerpo y Mente con Yoga, Meditaci\u00f3n y Masajes Kobido&#8221; &#8220;Explora la Armon\u00eda Interior: Yoga, Meditaci\u00f3n y Terapias Faciales Innovadoras&#8221; &#8220;Descubra la Armon\u00eda Interior: Masajes Kobido, Reflexolog\u00eda Facial y Yoga Meditativo&#8221; &#8220;Descubra [&hellip;]<\/p>\n","protected":false},"author":2,"featured_media":35,"parent":0,"menu_order":0,"comment_status":"closed","ping_status":"closed","template":"","meta":{"footnotes":""},"class_list":["post-24","page","type-page","status-publish","has-post-thumbnail","hentry"],"_links":{"self":[{"href":"https:\/\/ejemplo10000.orbidi.dev\/index.php\/wp-json\/wp\/v2\/pages\/24","targetHints":{"allow":["GET"]}}],"collection":[{"href":"https:\/\/ejemplo10000.orbidi.dev\/index.php\/wp-json\/wp\/v2\/pages"}],"about":[{"href":"https:\/\/ejemplo10000.orbidi.dev\/index.php\/wp-json\/wp\/v2\/types\/page"}],"author":[{"embeddable":true,"href":"https:\/\/ejemplo10000.orbidi.dev\/index.php\/wp-json\/wp\/v2\/users\/2"}],"replies":[{"embeddable":true,"href":"https:\/\/ejemplo10000.orbidi.dev\/index.php\/wp-json\/wp\/v2\/comments?post=24"}],"version-history":[{"count":4,"href":"https:\/\/ejemplo10000.orbidi.dev\/index.php\/wp-json\/wp\/v2\/pages\/24\/revisions"}],"predecessor-version":[{"id":71,"href":"https:\/\/ejemplo10000.orbidi.dev\/index.php\/wp-json\/wp\/v2\/pages\/24\/revisions\/71"}],"wp:featuredmedia":[{"embeddable":true,"href":"https:\/\/ejemplo10000.orbidi.dev\/index.php\/wp-json\/wp\/v2\/media\/35"}],"wp:attachment":[{"href":"https:\/\/ejemplo10000.orbidi.dev\/index.php\/wp-json\/wp\/v2\/media?parent=24"}],"curies":[{"name":"wp","href":"https:\/\/api.w.org\/{rel}","templated":true}]}}